{"id":1206,"date":"2018-12-04T15:37:42","date_gmt":"2018-12-04T14:37:42","guid":{"rendered":"https:\/\/reddcrypt.hostpress.me\/?page_id=1206"},"modified":"2020-05-27T16:36:11","modified_gmt":"2020-05-27T14:36:11","slug":"about-us","status":"publish","type":"page","link":"https:\/\/www.reddcrypt.com\/en\/about-us\/","title":{"rendered":"About us: our company &#038; our mission"},"content":{"rendered":"<div class=\"fusion-fullwidth fullwidth-box fusion-builder-row-1 nonhundred-percent-fullwidth non-hundred-percent-height-scrolling\" style=\"--awb-background-position:left top;--awb-border-radius-top-left:0px;--awb-border-radius-top-right:0px;--awb-border-radius-bottom-right:0px;--awb-border-radius-bottom-left:0px;--awb-padding-top:1%;--awb-padding-bottom:2%;--awb-background-color:#ffffff;--awb-border-sizes-top:0px;--awb-border-sizes-bottom:0px;--awb-flex-wrap:wrap;\" ><div class=\"fusion-builder-row fusion-row\"><div class=\"fusion-layout-column fusion_builder_column fusion-builder-column-0 fusion_builder_column_1_1 1_1 fusion-one-full fusion-column-first fusion-column-last\" style=\"--awb-bg-size:cover;\"><div class=\"fusion-column-wrapper fusion-flex-column-wrapper-legacy\"><div class=\"fusion-text fusion-text-1\"><h1 style=\"text-align: center;\"><span style=\"color: #cf000f;\">Our company<br \/>\n<\/span><\/h1>\n<h2 style=\"text-align: center;\">Specialists for email management and IT security<\/h2>\n<\/div><div class=\"fusion-clearfix\"><\/div><\/div><\/div><div class=\"fusion-layout-column fusion_builder_column fusion-builder-column-1 fusion_builder_column_1_1 1_1 fusion-one-full fusion-column-first fusion-column-last fusion-animated\" style=\"--awb-padding-top:20px;--awb-padding-right:20px;--awb-padding-bottom:20px;--awb-padding-left:20px;--awb-bg-size:cover;--awb-margin-top:20px;\" data-animationType=\"fadeInUp\" data-animationDuration=\"0.7\" data-animationOffset=\"top-into-view\"><div class=\"fusion-column-wrapper fusion-flex-column-wrapper-legacy\"><div class=\"fusion-text fusion-text-2\"><div class=\"fusion-text\">\n<p>REDDCRYPT is a brand of <a href=\"https:\/\/www.reddoxx.com\/en\/\" target=\"_blank\" rel=\"noopener noreferrer\">REDDOXX GmbH<\/a>.<\/p>\n<\/div>\n<p>Since the company&#8217;s foundation in 2005 we have specialized in the fields of email management and IT security. Boasting more than 3,500 installations of our email gateway in Germany, REDDOXX is one of the leading manufacturers of IT solutions affiliated with email communications. Our customer roster includes numerous renowned enterprises, corporations and public entities.<\/p>\n<\/div><div class=\"fusion-builder-row fusion-builder-row-inner fusion-row\"><div class=\"fusion-layout-column fusion_builder_column_inner fusion-builder-nested-column-0 fusion_builder_column_inner_1_2 1_2 fusion-one-half fusion-column-first\" style=\"--awb-bg-size:cover;width:50%;width:calc(50% - ( ( 4% ) * 0.5 ) );margin-right: 4%;\"><div class=\"fusion-column-wrapper fusion-flex-column-wrapper-legacy\"><div class=\"fusion-text fusion-text-3\"><p><strong>REDDOXX at a glance:<br \/>\n100% Made in Germany<\/strong><\/p>\n<ul>\n<li>30 employees<\/li>\n<li>founded in 2005<\/li>\n<li>100% self-funded<\/li>\n<li>4 locations in Germany<\/li>\n<li>over 3,500 customers in D\/A\/CH<\/li>\n<li>data centers in Germany<\/li>\n<li>development &amp; support located in Germany<\/li>\n<\/ul>\n<\/div><div class=\"fusion-clearfix\"><\/div><\/div><\/div><div class=\"fusion-layout-column fusion_builder_column_inner fusion-builder-nested-column-1 fusion_builder_column_inner_1_2 1_2 fusion-one-half fusion-column-last\" style=\"--awb-bg-size:cover;width:50%;width:calc(50% - ( ( 4% ) * 0.5 ) );\"><div class=\"fusion-column-wrapper fusion-flex-column-wrapper-legacy\"><div class=\"fusion-text fusion-text-4\"><p><strong>What we do and how we&#8217;re wired: Our image movie incl. outtakes (German incl. subtitles)<br \/>\n<\/strong><\/p>\n<div class=\"video-shortcode\"><iframe width=\"1000\" height=\"563\" src=\"https:\/\/www.youtube.com\/embed\/LlTE8-M6zOY?feature=oembed\" frameborder=\"0\" allow=\"accelerometer; autoplay; encrypted-media; gyroscope; picture-in-picture\" allowfullscreen><\/iframe><\/div>\n<\/div><div class=\"fusion-clearfix\"><\/div><\/div><\/div><\/div><div class=\"fusion-clearfix\"><\/div><\/div><\/div><\/div><\/div><div class=\"fusion-fullwidth fullwidth-box fusion-builder-row-2 nonhundred-percent-fullwidth non-hundred-percent-height-scrolling\" style=\"--awb-border-radius-top-left:0px;--awb-border-radius-top-right:0px;--awb-border-radius-bottom-right:0px;--awb-border-radius-bottom-left:0px;--awb-background-color:#172639;--awb-flex-wrap:wrap;\" ><div class=\"fusion-builder-row fusion-row\"><div class=\"fusion-layout-column fusion_builder_column fusion-builder-column-2 fusion_builder_column_1_1 1_1 fusion-one-full fusion-column-first fusion-column-last\" style=\"--awb-padding-top:30px;--awb-bg-size:cover;\"><div class=\"fusion-column-wrapper fusion-flex-column-wrapper-legacy\"><div class=\"fusion-text fusion-text-5\"><h3 style=\"text-align: center;\"><span style=\"color: #ffffff;\">The origin of REDDCRYPT<\/span><\/h3>\n<\/div><div class=\"fusion-clearfix\"><\/div><\/div><\/div><div class=\"fusion-layout-column fusion_builder_column fusion-builder-column-3 fusion_builder_column_1_1 1_1 fusion-one-full fusion-column-first fusion-column-last\" style=\"--awb-padding-top:30px;--awb-bg-size:cover;\"><div class=\"fusion-column-wrapper fusion-flex-column-wrapper-legacy\"><div class=\"fusion-text fusion-text-6\"><p><span style=\"color: #ffffff;\">With <em>REDDOXX MailSealer<\/em> we have been offering a central gateway for digital signatures and email encryption since 2007. For over a decade we have been hearing the same from companies: &#8216;Email encryption is too complicated&#8217;. <\/span><\/p>\n<p><span style=\"color: #ffffff;\">After many conversations we have realized that even the majority of system administrators are uncertain about how S\/MIME &amp; PGP really work. Which certificates do I have to buy? Why do I have to exchange certificates with my counterpart first? Which certificate do I use when encrypting emails?<\/span><\/p>\n<p><span style=\"color: #ffffff;\"><br \/>\nAs many find email encryption too complicated it is often used only irregularly. Of course, this is better than nothing but still negligent as emails have a similar security level as postcards. Everything that is written in an email can be read and potentially edited. Nevertheless, sensitive data is still send via mail unencrypted: e.g. credit card numbers, sensitive personal information.<\/span><\/p>\n<p><span style=\"color: #ffffff;\">Every time something happens we receive a lot of calls and the general interest in email encryption rises rapidly. The recent implementation of the European GDPR being the latest case:&#8221;<strong>We would like to encrypt all of our email communication!<\/strong>&#8221; A commendable idea but hard to put into practice.<\/span><\/p>\n<p><span style=\"color: #ffffff;\">But why? Let&#8217;s think about this.<\/span><\/p>\n<\/div><div class=\"fusion-clearfix\"><\/div><\/div><\/div><\/div><\/div><div class=\"fusion-fullwidth fullwidth-box fusion-builder-row-3 nonhundred-percent-fullwidth non-hundred-percent-height-scrolling\" style=\"--awb-border-radius-top-left:0px;--awb-border-radius-top-right:0px;--awb-border-radius-bottom-right:0px;--awb-border-radius-bottom-left:0px;--awb-flex-wrap:wrap;\" ><div class=\"fusion-builder-row fusion-row\"><div class=\"fusion-layout-column fusion_builder_column fusion-builder-column-4 fusion_builder_column_1_1 1_1 fusion-one-full fusion-column-first fusion-column-last\" style=\"--awb-padding-top:30px;--awb-bg-size:cover;\"><div class=\"fusion-column-wrapper fusion-flex-column-wrapper-legacy\"><div class=\"fusion-text fusion-text-7\"><h3 style=\"text-align: center;\">Email is the communication medium #1 worldwide<\/h3>\n<h4 style=\"text-align: center;\">Our mission: making the world a little bit more secure<\/h4>\n<\/div><div class=\"fusion-text fusion-text-8\"><p>It is estimated that <strong>848 billion emails were sent in 2018 in Germany alone &#8211; spam excluded<\/strong>. This is 77 billion more emails than in 2017 (<em>source:\u00a0<\/em> <em><a href=\"https:\/\/de.statista.com\/statistik\/daten\/studie\/392576\/umfrage\/anzahl-der-versendeten-e-mails-in-deutschland-pro-jahr\/\" target=\"_blank\" rel=\"noopener noreferrer\">Statista<\/a>)<\/em>. It can be assumed that most of these emails were sent unencrypted.<\/p>\n<p>With REDDCRYPT our goal is for everyone to be able to easily encrypt sensitive data. REDDCRYPT users don&#8217;t need knowledge in cryptography or advanced IT-knowledge to encrypt emails. However, advanced users may<a href=\"https:\/\/reddcrypt.com\/en\/technical-overview\/\"> continue reading about our solution and its workings in detail.<\/a><\/p>\n<p>In order for everyone to be able to protect their data from prying eyes and manipulation we have decided to publish a free version of REDDCRYPT.<\/p>\n<\/div><div class=\"fusion-clearfix\"><\/div><\/div><\/div><div class=\"fusion-layout-column fusion_builder_column fusion-builder-column-5 fusion_builder_column_1_3 1_3 fusion-one-third fusion-column-first\" style=\"--awb-bg-size:cover;width:33.333333333333%;width:calc(33.333333333333% - ( ( 4% + 4% ) * 0.33333333333333 ) );margin-right: 4%;\"><div class=\"fusion-column-wrapper fusion-flex-column-wrapper-legacy\"><div class=\"fusion-person person fusion-person-center fusion-person-1 fusion-person-icon-top persondesc\" style=\"--awb-pic-style-color:#cf000f;--awb-pic-borderradius:50%;--awb-margin-top:0px;--awb-margin-right:0px;--awb-margin-bottom:0px;--awb-margin-left:0px;--awb-social-box-border-top:0px;--awb-social-box-border-right:0px;--awb-social-box-border-bottom:0px;--awb-social-box-border-left:0px;--awb-social-box-border-color:var(--awb-color3);--awb-social-box-border-color-hover:var(--awb-color4);--awb-social-box-colors-hover:rgba(140,149,163,0.8);--awb-social-icon-boxed-colors:#8c95a3;--awb-social-icon-colors:#ffffff;--awb-social-icon-colors-hover:rgba(255,255,255,0.8);\"><div class=\"person-shortcode-image-wrapper\"><div class=\"person-image-container hover-type-none person-rounded-overflow\" style=\"-webkit-border-radius:50%;-moz-border-radius:50%;border-radius:50%;border:1px solid #cf000f;-webkit-border-radius:50%;-moz-border-radius:50%;border-radius:50%;\"><img decoding=\"async\" class=\"person-img img-responsive wp-image-2210\" width=\"223\" height=\"223\" src=\"https:\/\/www.reddcrypt.com\/wp-content\/uploads\/2019\/03\/Andreas-Dannenberg-Gr\u00fcnder-und-Gesch\u00e4ftsf\u00fchrer-der-REDDOXX-GmbH.png\" alt=\"Andreas Dannenberg\" srcset=\"https:\/\/www.reddcrypt.com\/wp-content\/uploads\/2019\/03\/Andreas-Dannenberg-Gr\u00fcnder-und-Gesch\u00e4ftsf\u00fchrer-der-REDDOXX-GmbH-200x200.png 200w, https:\/\/www.reddcrypt.com\/wp-content\/uploads\/2019\/03\/Andreas-Dannenberg-Gr\u00fcnder-und-Gesch\u00e4ftsf\u00fchrer-der-REDDOXX-GmbH.png 223w\" sizes=\"(max-width: 800px) 100vw, 223px\" \/><\/div><\/div><div class=\"person-desc\" style=\"background-color:#ffffff;padding:40px;margin-top:0;\"><div class=\"person-author\"><div class=\"person-author-wrapper\"><span class=\"person-name\">Andreas Dannenberg<\/span><span class=\"person-title\">Founder &amp; CEO<\/span><\/div><\/div><div class=\"person-content fusion-clearfix\">&#8220;Making the world a little bit safer is what drives my employees and me every day!&#8221;<\/div><\/div><\/div><div class=\"fusion-clearfix\"><\/div><\/div><\/div><div class=\"fusion-layout-column fusion_builder_column fusion-builder-column-6 fusion_builder_column_1_3 1_3 fusion-one-third\" style=\"--awb-bg-size:cover;width:33.333333333333%;width:calc(33.333333333333% - ( ( 4% + 4% ) * 0.33333333333333 ) );margin-right: 4%;\"><div class=\"fusion-column-wrapper fusion-flex-column-wrapper-legacy\"><div class=\"fusion-person person fusion-person-center fusion-person-2 fusion-person-icon-top persondesc\" style=\"--awb-pic-style-color:#cf000f;--awb-pic-borderradius:50%;--awb-margin-top:0px;--awb-margin-right:0px;--awb-margin-bottom:0px;--awb-margin-left:0px;--awb-social-box-border-top:0px;--awb-social-box-border-right:0px;--awb-social-box-border-bottom:0px;--awb-social-box-border-left:0px;--awb-social-box-border-color:var(--awb-color3);--awb-social-box-border-color-hover:var(--awb-color4);--awb-social-box-colors-hover:rgba(140,149,163,0.8);--awb-social-icon-boxed-colors:#8c95a3;--awb-social-icon-colors:#ffffff;--awb-social-icon-colors-hover:rgba(255,255,255,0.8);\"><div class=\"person-shortcode-image-wrapper\"><div class=\"person-image-container hover-type-none person-rounded-overflow\" style=\"-webkit-border-radius:50%;-moz-border-radius:50%;border-radius:50%;border:1px solid #cf000f;-webkit-border-radius:50%;-moz-border-radius:50%;border-radius:50%;\"><img decoding=\"async\" class=\"person-img img-responsive wp-image-4639\" width=\"223\" height=\"223\" src=\"https:\/\/www.reddcrypt.com\/wp-content\/uploads\/2020\/05\/Christian-42.png\" alt=\"Christian Schr\u00f6der\" srcset=\"https:\/\/www.reddcrypt.com\/wp-content\/uploads\/2020\/05\/Christian-42-200x200.png 200w, https:\/\/www.reddcrypt.com\/wp-content\/uploads\/2020\/05\/Christian-42.png 223w\" sizes=\"(max-width: 800px) 100vw, 223px\" \/><\/div><\/div><div class=\"person-desc\" style=\"background-color:#ffffff;padding:40px;margin-top:0;\"><div class=\"person-author\"><div class=\"person-author-wrapper\"><span class=\"person-name\">Christian Schr\u00f6der<\/span><span class=\"person-title\">Sales Director<\/span><\/div><\/div><div class=\"person-content fusion-clearfix\">&#8220;Everyone struggles with email encryption &#8211; individuals and companies alike. That&#8217;s what we want to change with REDDCRYPT.&#8221;<\/div><\/div><\/div><div class=\"fusion-clearfix\"><\/div><\/div><\/div><div class=\"fusion-layout-column fusion_builder_column fusion-builder-column-7 fusion_builder_column_1_3 1_3 fusion-one-third fusion-column-last\" style=\"--awb-bg-size:cover;width:33.333333333333%;width:calc(33.333333333333% - ( ( 4% + 4% ) * 0.33333333333333 ) );\"><div class=\"fusion-column-wrapper fusion-flex-column-wrapper-legacy\"><div class=\"fusion-person person fusion-person-center fusion-person-3 fusion-person-icon-top persondesc\" style=\"--awb-pic-style-color:#cf000f;--awb-pic-borderradius:50%;--awb-margin-top:0px;--awb-margin-right:0px;--awb-margin-bottom:0px;--awb-margin-left:0px;--awb-social-box-border-top:0px;--awb-social-box-border-right:0px;--awb-social-box-border-bottom:0px;--awb-social-box-border-left:0px;--awb-social-box-border-color:var(--awb-color3);--awb-social-box-border-color-hover:var(--awb-color4);--awb-social-box-colors-hover:rgba(140,149,163,0.8);--awb-social-icon-boxed-colors:#8c95a3;--awb-social-icon-colors:#ffffff;--awb-social-icon-colors-hover:rgba(255,255,255,0.8);\"><div class=\"person-shortcode-image-wrapper\"><div class=\"person-image-container hover-type-none person-rounded-overflow\" style=\"-webkit-border-radius:50%;-moz-border-radius:50%;border-radius:50%;border:1px solid #cf000f;-webkit-border-radius:50%;-moz-border-radius:50%;border-radius:50%;\"><img decoding=\"async\" class=\"person-img img-responsive wp-image-2216\" width=\"223\" height=\"223\" src=\"https:\/\/www.reddcrypt.com\/wp-content\/uploads\/2019\/03\/Alexander-Bauer-Leitung-Softwareentwicklung-bei-der-REDDOXX-GmbH.png\" alt=\"Alexander Bauer\" srcset=\"https:\/\/www.reddcrypt.com\/wp-content\/uploads\/2019\/03\/Alexander-Bauer-Leitung-Softwareentwicklung-bei-der-REDDOXX-GmbH-200x200.png 200w, https:\/\/www.reddcrypt.com\/wp-content\/uploads\/2019\/03\/Alexander-Bauer-Leitung-Softwareentwicklung-bei-der-REDDOXX-GmbH.png 223w\" sizes=\"(max-width: 800px) 100vw, 223px\" \/><\/div><\/div><div class=\"person-desc\" style=\"background-color:#ffffff;padding:40px;margin-top:0;\"><div class=\"person-author\"><div class=\"person-author-wrapper\"><span class=\"person-name\">Alexander Bauer<\/span><span class=\"person-title\">Software Development Director <\/span><\/div><\/div><div class=\"person-content fusion-clearfix\">&#8220;Easy AND secure email encryption for everyone &#8211; that idea has been in my head for years.&#8221;<\/div><\/div><\/div><div class=\"fusion-clearfix\"><\/div><\/div><\/div><\/div><\/div><div class=\"fusion-fullwidth fullwidth-box fusion-builder-row-4 hundred-percent-fullwidth non-hundred-percent-height-scrolling\" style=\"--awb-border-radius-top-left:0px;--awb-border-radius-top-right:0px;--awb-border-radius-bottom-right:0px;--awb-border-radius-bottom-left:0px;--awb-padding-right:0px;--awb-padding-left:0px;--awb-flex-wrap:wrap;\" ><div class=\"fusion-builder-row fusion-row\"><div class=\"fusion-layout-column fusion_builder_column fusion-builder-column-8 fusion_builder_column_1_1 1_1 fusion-one-full fusion-column-first fusion-column-last\" style=\"--awb-bg-size:cover;--awb-margin-bottom:0px;\"><div class=\"fusion-column-wrapper fusion-flex-column-wrapper-legacy\"><div class=\"fusion-image-element in-legacy-container\" style=\"--awb-caption-title-font-family:var(--h2_typography-font-family);--awb-caption-title-font-weight:var(--h2_typography-font-weight);--awb-caption-title-font-style:var(--h2_typography-font-style);--awb-caption-title-size:var(--h2_typography-font-size);--awb-caption-title-transform:var(--h2_typography-text-transform);--awb-caption-title-line-height:var(--h2_typography-line-height);--awb-caption-title-letter-spacing:var(--h2_typography-letter-spacing);\"><span class=\" fusion-imageframe imageframe-none imageframe-1 hover-type-none\"><img decoding=\"async\" width=\"2560\" height=\"897\" title=\"REDDOXX-Gruppenfoto-2560-tiny\" src=\"https:\/\/www.reddcrypt.com\/wp-content\/uploads\/2018\/10\/REDDOXX-Gruppenfoto-2560-tiny.jpg\" alt class=\"img-responsive wp-image-1221\" srcset=\"https:\/\/www.reddcrypt.com\/wp-content\/uploads\/2018\/10\/REDDOXX-Gruppenfoto-2560-tiny-200x70.jpg 200w, https:\/\/www.reddcrypt.com\/wp-content\/uploads\/2018\/10\/REDDOXX-Gruppenfoto-2560-tiny-400x140.jpg 400w, https:\/\/www.reddcrypt.com\/wp-content\/uploads\/2018\/10\/REDDOXX-Gruppenfoto-2560-tiny-600x210.jpg 600w, https:\/\/www.reddcrypt.com\/wp-content\/uploads\/2018\/10\/REDDOXX-Gruppenfoto-2560-tiny-800x280.jpg 800w, https:\/\/www.reddcrypt.com\/wp-content\/uploads\/2018\/10\/REDDOXX-Gruppenfoto-2560-tiny-1200x420.jpg 1200w, https:\/\/www.reddcrypt.com\/wp-content\/uploads\/2018\/10\/REDDOXX-Gruppenfoto-2560-tiny.jpg 2560w\" sizes=\"(max-width: 800px) 100vw, 1200px\" \/><\/span><\/div><div class=\"fusion-clearfix\"><\/div><\/div><\/div><\/div><\/div>","protected":false},"excerpt":{"rendered":"","protected":false},"author":1,"featured_media":0,"parent":0,"menu_order":0,"comment_status":"closed","ping_status":"closed","template":"100-width.php","meta":{"footnotes":""},"class_list":["post-1206","page","type-page","status-publish","hentry"],"_links":{"self":[{"href":"https:\/\/www.reddcrypt.com\/en\/wp-json\/wp\/v2\/pages\/1206","targetHints":{"allow":["GET"]}}],"collection":[{"href":"https:\/\/www.reddcrypt.com\/en\/wp-json\/wp\/v2\/pages"}],"about":[{"href":"https:\/\/www.reddcrypt.com\/en\/wp-json\/wp\/v2\/types\/page"}],"author":[{"embeddable":true,"href":"https:\/\/www.reddcrypt.com\/en\/wp-json\/wp\/v2\/users\/1"}],"replies":[{"embeddable":true,"href":"https:\/\/www.reddcrypt.com\/en\/wp-json\/wp\/v2\/comments?post=1206"}],"version-history":[{"count":10,"href":"https:\/\/www.reddcrypt.com\/en\/wp-json\/wp\/v2\/pages\/1206\/revisions"}],"predecessor-version":[{"id":4641,"href":"https:\/\/www.reddcrypt.com\/en\/wp-json\/wp\/v2\/pages\/1206\/revisions\/4641"}],"wp:attachment":[{"href":"https:\/\/www.reddcrypt.com\/en\/wp-json\/wp\/v2\/media?parent=1206"}],"curies":[{"name":"wp","href":"https:\/\/api.w.org\/{rel}","templated":true}]}}